{"id":98,"date":"2016-11-27T20:33:40","date_gmt":"2016-11-27T19:33:40","guid":{"rendered":"http:\/\/xn--dren-in-n2a.de\/?page_id=98"},"modified":"2016-11-27T20:33:40","modified_gmt":"2016-11-27T19:33:40","slug":"bs-homepage-7","status":"publish","type":"page","link":"https:\/\/xn--dren-in-n2a.de\/?page_id=98","title":{"rendered":"Homepage 7"},"content":{"rendered":"<p>[vc_row full_width=&#8220;stretch_row&#8220; css=&#8220;.vc_custom_1469867924543{border-bottom-width: 1px !important;border-bottom-color: #ececec !important;border-bottom-style: solid !important;}&#8220;][vc_column]\t\t\t<div class=\"vc_custom_1470124096605 bs-listing\n\t\t\tbs-listing-slider-1 bs-listing-single-tab\">\n\t\t\t\t<div class=\"bs-shortcode bs-slider bs-slider-1 clearfix\">\n\n\t\t<div class=\"better-slider\" id=\"slider-6454562\">\n\t\t\t<ul class=\"slides\">\n\t\t\t\t\t\t\t\t\t<li class=\"slide bs-slider-item bs-slider-1-item main-term-1 has-post-thumbnail\">\n\t\t\t\t\t\t<div class=\"item-content\">\n\n\t\t\t\t\t\t\t<a class=\"img-cont\" href=\"https:\/\/xn--dren-in-n2a.de\/?p=4474\"\n\t\t\t\t\t\t\t   style=\"background-image: url('https:\/\/xn--dren-in-n2a.de\/wp-content\/uploads\/2026\/01\/TECHundSERVICE-1130x580.png')\"><\/a>\n\t\t\t\t\t\t\t<div class=\"term-badges floated\"><span class=\"term-badge term-1\"><a href=\"https:\/\/xn--dren-in-n2a.de\/?cat=1\">Allgemein<\/a><\/span><\/div>\t\t\t\t\t\t\t<div class=\"content-container\">\n\t\t\t\t\t\t\t\t<h2 class=\"title\">\n\t\t\t\t\t\t\t\t\t<a class=\"post-url post-title\" href=\"https:\/\/xn--dren-in-n2a.de\/?p=4474\">\n\t\t\t\t\t\t\t\t\t\tTech und Service\t\t\t\t\t\t\t\t\t<\/a>\n\t\t\t\t\t\t\t\t<\/h2>\n\t\t\t\t\t\t\t\t<div class=\"post-meta\">\n\n\t\t\t<a href=\"https:\/\/xn--dren-in-n2a.de\/?author=1\"\n\t\t   title=\"Durchsuchen Autor Artikel\"\n\t\t   class=\"post-author-a\">\n\t\t\t<i class=\"post-author author\">\n\t\t\t\tD\u00fcren\t\t\t<\/i>\n\t\t<\/a>\n\t\t\t<span class=\"time\"><time class=\"post-published updated\" datetime=\"2026-01-15T01:13:51+01:00\" title=\"Donnerstag, Januar 15, 2026, 1:13 a.m.\">Jan. 15, 2026<\/time><\/span>\n\t\t<\/div>\n\t\t\t\t\t\t\t<\/div>\n\t\t\t\t\t\t<\/div>\n\t\t\t\t\t<\/li>\n\t\t\t\t\t\t\t\t\t\t<li class=\"slide bs-slider-item bs-slider-1-item main-term-1 has-post-thumbnail\">\n\t\t\t\t\t\t<div class=\"item-content\">\n\n\t\t\t\t\t\t\t<a class=\"img-cont\" href=\"https:\/\/xn--dren-in-n2a.de\/?p=4454\"\n\t\t\t\t\t\t\t   style=\"background-image: url('https:\/\/xn--dren-in-n2a.de\/wp-content\/uploads\/2024\/12\/Stadt_Center_Dueren_O2-1062x580.jpg')\"><\/a>\n\t\t\t\t\t\t\t<div class=\"term-badges floated\"><span class=\"term-badge term-1\"><a href=\"https:\/\/xn--dren-in-n2a.de\/?cat=1\">Allgemein<\/a><\/span><\/div>\t\t\t\t\t\t\t<div class=\"content-container\">\n\t\t\t\t\t\t\t\t<h2 class=\"title\">\n\t\t\t\t\t\t\t\t\t<a class=\"post-url post-title\" href=\"https:\/\/xn--dren-in-n2a.de\/?p=4454\">\n\t\t\t\t\t\t\t\t\t\tWerbeagentur lcdwand, Werbetechnik\t\t\t\t\t\t\t\t\t<\/a>\n\t\t\t\t\t\t\t\t<\/h2>\n\t\t\t\t\t\t\t\t<div class=\"post-meta\">\n\n\t\t\t<a href=\"https:\/\/xn--dren-in-n2a.de\/?author=1\"\n\t\t   title=\"Durchsuchen Autor Artikel\"\n\t\t   class=\"post-author-a\">\n\t\t\t<i class=\"post-author author\">\n\t\t\t\tD\u00fcren\t\t\t<\/i>\n\t\t<\/a>\n\t\t\t<span class=\"time\"><time class=\"post-published updated\" datetime=\"2024-12-05T20:12:29+01:00\" title=\"Donnerstag, Dezember 5, 2024, 8:12 p.m.\">Dez. 5, 2024<\/time><\/span>\n\t\t<\/div>\n\t\t\t\t\t\t\t<\/div>\n\t\t\t\t\t\t<\/div>\n\t\t\t\t\t<\/li>\n\t\t\t\t\t\t\t\t\t\t<li class=\"slide bs-slider-item bs-slider-1-item main-term-1 has-post-thumbnail\">\n\t\t\t\t\t\t<div class=\"item-content\">\n\n\t\t\t\t\t\t\t<a class=\"img-cont\" href=\"https:\/\/xn--dren-in-n2a.de\/?p=4365\"\n\t\t\t\t\t\t\t   style=\"background-image: url('https:\/\/xn--dren-in-n2a.de\/wp-content\/uploads\/2021\/02\/BEKO_Beton-Kosmetik-578x580.jpg')\"><\/a>\n\t\t\t\t\t\t\t<div class=\"term-badges floated\"><span class=\"term-badge term-1\"><a href=\"https:\/\/xn--dren-in-n2a.de\/?cat=1\">Allgemein<\/a><\/span><\/div>\t\t\t\t\t\t\t<div class=\"content-container\">\n\t\t\t\t\t\t\t\t<h2 class=\"title\">\n\t\t\t\t\t\t\t\t\t<a class=\"post-url post-title\" href=\"https:\/\/xn--dren-in-n2a.de\/?p=4365\">\n\t\t\t\t\t\t\t\t\t\tBEKO Betondesign &#038; Sichtbetonkosmetik\t\t\t\t\t\t\t\t\t<\/a>\n\t\t\t\t\t\t\t\t<\/h2>\n\t\t\t\t\t\t\t\t<div class=\"post-meta\">\n\n\t\t\t<a href=\"https:\/\/xn--dren-in-n2a.de\/?author=1\"\n\t\t   title=\"Durchsuchen Autor Artikel\"\n\t\t   class=\"post-author-a\">\n\t\t\t<i class=\"post-author author\">\n\t\t\t\tD\u00fcren\t\t\t<\/i>\n\t\t<\/a>\n\t\t\t<span class=\"time\"><time class=\"post-published updated\" datetime=\"2021-02-22T20:37:53+01:00\" title=\"Montag, Februar 22, 2021, 8:37 p.m.\">Feb. 22, 2021<\/time><\/span>\n\t\t<\/div>\n\t\t\t\t\t\t\t<\/div>\n\t\t\t\t\t\t<\/div>\n\t\t\t\t\t<\/li>\n\t\t\t\t\t\t\t\t\t\t<li class=\"slide bs-slider-item bs-slider-1-item main-term-1 has-post-thumbnail\">\n\t\t\t\t\t\t<div class=\"item-content\">\n\n\t\t\t\t\t\t\t<a class=\"img-cont\" href=\"https:\/\/xn--dren-in-n2a.de\/?p=4258\"\n\t\t\t\t\t\t\t   style=\"background-image: url('https:\/\/xn--dren-in-n2a.de\/wp-content\/uploads\/2019\/09\/WhatsApp-Image-2019-06-26-at-10.49.215-768x580.jpeg')\"><\/a>\n\t\t\t\t\t\t\t<div class=\"term-badges floated\"><span class=\"term-badge term-1\"><a href=\"https:\/\/xn--dren-in-n2a.de\/?cat=1\">Allgemein<\/a><\/span><\/div>\t\t\t\t\t\t\t<div class=\"content-container\">\n\t\t\t\t\t\t\t\t<h2 class=\"title\">\n\t\t\t\t\t\t\t\t\t<a class=\"post-url post-title\" href=\"https:\/\/xn--dren-in-n2a.de\/?p=4258\">\n\t\t\t\t\t\t\t\t\t\tFood Truck &#8211; mobilen Pizza wagen\t\t\t\t\t\t\t\t\t<\/a>\n\t\t\t\t\t\t\t\t<\/h2>\n\t\t\t\t\t\t\t\t<div class=\"post-meta\">\n\n\t\t\t<a href=\"https:\/\/xn--dren-in-n2a.de\/?author=1\"\n\t\t   title=\"Durchsuchen Autor Artikel\"\n\t\t   class=\"post-author-a\">\n\t\t\t<i class=\"post-author author\">\n\t\t\t\tD\u00fcren\t\t\t<\/i>\n\t\t<\/a>\n\t\t\t<span class=\"time\"><time class=\"post-published updated\" datetime=\"2019-09-07T01:24:36+02:00\" title=\"Samstag, September 7, 2019, 1:24 a.m.\">Sep. 7, 2019<\/time><\/span>\n\t\t<\/div>\n\t\t\t\t\t\t\t<\/div>\n\t\t\t\t\t\t<\/div>\n\t\t\t\t\t<\/li>\n\t\t\t\t\t\t\t\t\t\t<li class=\"slide bs-slider-item bs-slider-1-item main-term-1 has-post-thumbnail\">\n\t\t\t\t\t\t<div class=\"item-content\">\n\n\t\t\t\t\t\t\t<a class=\"img-cont\" href=\"https:\/\/xn--dren-in-n2a.de\/?p=4255\"\n\t\t\t\t\t\t\t   style=\"background-image: url('https:\/\/xn--dren-in-n2a.de\/wp-content\/uploads\/2019\/09\/spanndecke_dueren.jpg')\"><\/a>\n\t\t\t\t\t\t\t<div class=\"term-badges floated\"><span class=\"term-badge term-1\"><a href=\"https:\/\/xn--dren-in-n2a.de\/?cat=1\">Allgemein<\/a><\/span><\/div>\t\t\t\t\t\t\t<div class=\"content-container\">\n\t\t\t\t\t\t\t\t<h2 class=\"title\">\n\t\t\t\t\t\t\t\t\t<a class=\"post-url post-title\" href=\"https:\/\/xn--dren-in-n2a.de\/?p=4255\">\n\t\t\t\t\t\t\t\t\t\tHightech Spanndecken und Lackspanndecken\t\t\t\t\t\t\t\t\t<\/a>\n\t\t\t\t\t\t\t\t<\/h2>\n\t\t\t\t\t\t\t\t<div class=\"post-meta\">\n\n\t\t\t<a href=\"https:\/\/xn--dren-in-n2a.de\/?author=1\"\n\t\t   title=\"Durchsuchen Autor Artikel\"\n\t\t   class=\"post-author-a\">\n\t\t\t<i class=\"post-author author\">\n\t\t\t\tD\u00fcren\t\t\t<\/i>\n\t\t<\/a>\n\t\t\t<span class=\"time\"><time class=\"post-published updated\" datetime=\"2019-09-04T13:01:14+02:00\" title=\"Mittwoch, September 4, 2019, 1:01 p.m.\">Sep. 4, 2019<\/time><\/span>\n\t\t<\/div>\n\t\t\t\t\t\t\t<\/div>\n\t\t\t\t\t\t<\/div>\n\t\t\t\t\t<\/li>\n\t\t\t\t\t\t\t\t<\/ul>\n\t\t<\/div>\n\n\t\t<script>\n\t\t\tjQuery(window).ready(function () {\n\t\t\t\tjQuery('#slider-6454562').flexslider({\n\t\t\t\t\tnamespace: \"better-\",\n\t\t\t\t\tanimation: \"fade\",\n\t\t\t\t\tslideshowSpeed: \"7000\",\n\t\t\t\t\tanimationSpeed: \"600\",\n\t\t\t\t\tanimationLoop: true,\n\t\t\t\t\tdirectionNav: true,\n\t\t\t\t\tsmoothHeight: false,\n\t\t\t\t\tpauseOnHover: true,\n\t\t\t\t\tstart: function (slider) {\n\t\t\t\t\t\tjQuery(slider).find(\".better-active-slide\").addClass(\"slider-content-shown\");\n\t\t\t\t\t\tif (document.createEvent) { \/\/ W3C\n\t\t\t\t\t\t\tvar ev = document.createEvent('Event');\n\t\t\t\t\t\t\tev.initEvent('resize', true, true);\n\t\t\t\t\t\t\twindow.dispatchEvent(ev);\n\t\t\t\t\t\t}\n\t\t\t\t\t\telse { \/\/ IE\n\t\t\t\t\t\t\telement=document.documentElement;\n\t\t\t\t\t\t\tvar event=document.createEventObject();\n\t\t\t\t\t\t\telement.fireEvent(\"onresize\",event);\n\t\t\t\t\t\t}\n\t\t\t\t\t},\n\t\t\t\t\tbefore: function (slider) {\n\t\t\t\t\t\tjQuery(slider).find(\".slider-content-shown\").removeClass(\"slider-content-shown\");\n\t\t\t\t\t},\n\t\t\t\t\tafter: function (slider) {\n\t\t\t\t\t\tjQuery(slider).find(\".better-active-slide\").addClass(\"slider-content-shown\");\n\t\t\t\t\t}\n\t\t\t\t}).find('.better-control-nav').addClass('circle');\n\t\t\t});\n\t\t<\/script>\n\t<\/div>\n\t\t\t<\/div>\n\t\t\t[\/vc_column][\/vc_row][vc_row][vc_column width=&#8220;2\/3&#8243;]\t\t\t<div class=\" bs-listing\n\t\t\tbs-listing-listing-mix-1-1 bs-listing-multi-tab\">\n\t\t\t\t\t\t<h3 class=\"section-heading main-term-3 multi-tab\">\n\n\t\t\t\t\n\t\t\t\t\t\t\t\t\t\t\t<a href=\"#tab-7495828\" data-toggle=\"tab\"\n\t\t\t\t\t\t   aria-expanded=\"true\"\n\t\t\t\t\t\t   class=\"main-link active\"\n\t\t\t\t\t\t\t\t\t\t\t\t\t>\n\t\t\t\t\t\t\t<span\n\t\t\t\t\t\t\t\tclass=\"h-text main-term-3\">Street fashion<\/span>\n\t\t\t\t\t\t<\/a>\n\t\t\t\t\t\t\t\t\t\t\t<a href=\"#tab-5376750\" data-toggle=\"tab\"\n\t\t\t\t\t\t   aria-expanded=\"false\"\n\t\t\t\t\t\t   class=\"other-link\"\n\t\t\t\t\t\t\t data-deferred-init=\"353817045\" data-deferred-event=\"shown.bs.tab\"\t\t\t\t\t\t>\n\t\t\t\t\t\t\t<span\n\t\t\t\t\t\t\t\tclass=\"h-text main-term-16\">Interior<\/span>\n\t\t\t\t\t\t<\/a>\n\t\t\t\t\t\t\t\t\t\t\t<a href=\"#tab-6612233\" data-toggle=\"tab\"\n\t\t\t\t\t\t   aria-expanded=\"false\"\n\t\t\t\t\t\t   class=\"other-link\"\n\t\t\t\t\t\t\t data-deferred-init=\"307907440\" data-deferred-event=\"shown.bs.tab\"\t\t\t\t\t\t>\n\t\t\t\t\t\t\t<span\n\t\t\t\t\t\t\t\tclass=\"h-text main-term-7\">Motivation<\/span>\n\t\t\t\t\t\t<\/a>\n\t\t\t\t\t\n\t\t\t\t\n\t\t\t<\/h3>\n\t\t\t\t\t<div class=\"tab-content\"><div class=\"tab-pane bs-tab-anim active\" id=\"tab-7495828\">\t<div class=\"listing listing-mix-1-1 clearfix \">\n\t\t<div class=\"column-1\">\n\t\t\t\t<article class=\"post-2565 type-post format-standard has-post-thumbnail  listing-item listing-item-grid listing-item-grid-1 main-term-1\">\n\n\t\t\t\t\t<div class=\"featured clearfix\">\n\t\t\t\t<div class=\"term-badges floated\"><span class=\"term-badge term-1\"><a href=\"https:\/\/xn--dren-in-n2a.de\/?cat=1\">Allgemein<\/a><\/span><\/div>\t\t\t\t<a class=\"img-holder\" href=\"https:\/\/xn--dren-in-n2a.de\/?p=2565\" title=\"Mode in D\u00fcren\"\n\t\t\t\t   style=\"background-image: url(https:\/\/xn--dren-in-n2a.de\/wp-content\/uploads\/2017\/09\/Mode-Dueren-357x210.jpg);\"><\/a>\n\t\t\t\t\t\t\t<\/div>\n\t\t\n\t\t<h2 class=\"title\">\n\t\t\t<a href=\"https:\/\/xn--dren-in-n2a.de\/?p=2565\" class=\"post-title post-url\">\n\t\t\t\tMode in D\u00fcren\t\t\t<\/a>\n\t\t<\/h2>\n\t\t<div class=\"post-meta\">\n\n\t\t\t<a href=\"https:\/\/xn--dren-in-n2a.de\/?author=1\"\n\t\t   title=\"Durchsuchen Autor Artikel\"\n\t\t   class=\"post-author-a\">\n\t\t\t<i class=\"post-author author\">\n\t\t\t\tD\u00fcren\t\t\t<\/i>\n\t\t<\/a>\n\t\t\t<span class=\"time\"><time class=\"post-published updated\" datetime=\"2017-09-17T18:24:42+02:00\" title=\"Sonntag, September 17, 2017, 6:24 p.m.\">Sep. 17, 2017<\/time><\/span>\n\t\t<\/div>\n\t\t\t<div class=\"post-summary\">\n\t\t\t\t<p>Mode in D\u00fcren Entdecke die Mode-Highlights im Fr\u00fchjahr, Sommer, Herbst und Winter in D\u00fcren und Umgebung. Ob<\/p>&hellip;\t\t\t<\/div>\n\t\t\t<\/article>\n\t\t<\/div>\n\t\t<div class=\"column-2\">\n\t\t\t\t\t<\/div>\n\t<\/div>\n<\/div><div class=\"tab-pane bs-tab-anim bs-deferred-container\" id=\"tab-5376750\">\t\t<div class=\"bs-pagination-wrapper main-term-16  \">\n\t\t\t\t<div class=\"bs-deferred-load-wrapper\" id=\"bsd_353817045\">\n\t\t\t<script>var bs_deferred_loading_bsd_353817045 = '{\"query\":{\"category\":\"16\",\"tag\":\"\",\"taxonomy\":\"\",\"post_ids\":\"\",\"post_type\":\"\",\"count\":\"5\",\"order_by\":\"date\",\"order\":\"DESC\",\"time_filter\":\"\",\"offset\":\"\",\"style\":\"listing-mix-1-1\",\"pagination-show-label\":\"1\"},\"type\":\"bs_listing\",\"view\":\"Publisher_Mix_Listing_1_1_Shortcode\",\"current_page\":1,\"ajax_url\":\"\\\/wp-admin\\\/admin-ajax.php\",\"pagination-show-label\":\"1\",\"_bs_pagin_token\":\"19fbb25\"}';<\/script>\n\t\t<\/div>\n\t\t\t\t<\/div>\n\t\t<\/div><div class=\"tab-pane bs-tab-anim bs-deferred-container\" id=\"tab-6612233\">\t\t<div class=\"bs-pagination-wrapper main-term-7  \">\n\t\t\t\t<div class=\"bs-deferred-load-wrapper\" id=\"bsd_307907440\">\n\t\t\t<script>var bs_deferred_loading_bsd_307907440 = '{\"query\":{\"category\":\"7\",\"tag\":\"\",\"taxonomy\":\"\",\"post_ids\":\"\",\"post_type\":\"\",\"count\":\"5\",\"order_by\":\"date\",\"order\":\"DESC\",\"time_filter\":\"\",\"offset\":\"\",\"style\":\"listing-mix-1-1\",\"pagination-show-label\":\"1\"},\"type\":\"bs_listing\",\"view\":\"Publisher_Mix_Listing_1_1_Shortcode\",\"current_page\":1,\"ajax_url\":\"\\\/wp-admin\\\/admin-ajax.php\",\"pagination-show-label\":\"1\",\"_bs_pagin_token\":\"d82a87f\"}';<\/script>\n\t\t<\/div>\n\t\t\t\t<\/div>\n\t\t<\/div><\/div>\t\t\t<\/div>\n\t\t\t\t\t\t<div class=\"pagination-animate  bs-listing\n\t\t\tbs-listing-listing-mix-1-4 bs-listing-single-tab\">\n\t\t\t\t\t\t<h3 class=\"section-heading main-term-8\">\n\n\t\t\t\t\n\t\t\t\t\t\t\t\t\t\t\t<a href=\"https:\/\/xn--dren-in-n2a.de\/?cat=8\" class=\"main-link\">\n\t\t\t\t\t\t\t<span\n\t\t\t\t\t\t\t\tclass=\"h-text main-term-8\">Essen &amp; Trinken<\/span>\n\t\t\t\t\t\t<\/a>\n\t\t\t\t\t\n\t\t\t\t\n\t\t\t<\/h3>\n\t\t\t\t\t<div class=\"bs-pagination-wrapper main-term-8 next_prev bs-slider-first-item\">\n\t\t\t<div class=\"listing listing-mix-1-4 clearfix \">\n\t\t<div class=\"column-1\">\n\t\t\t\t<article class=\"post-4258 type-post format-standard has-post-thumbnail  listing-item listing-item-grid listing-item-grid-1 main-term-1\">\n\n\t\t\t\t\t<div class=\"featured clearfix\">\n\t\t\t\t<div class=\"term-badges floated\"><span class=\"term-badge term-1\"><a href=\"https:\/\/xn--dren-in-n2a.de\/?cat=1\">Allgemein<\/a><\/span><\/div>\t\t\t\t<a class=\"img-holder\" href=\"https:\/\/xn--dren-in-n2a.de\/?p=4258\" title=\"Food Truck &#8211; mobilen Pizza wagen\"\n\t\t\t\t   style=\"background-image: url(https:\/\/xn--dren-in-n2a.de\/wp-content\/uploads\/2019\/09\/WhatsApp-Image-2019-06-26-at-10.49.215-750x430.jpeg);\"><\/a>\n\t\t\t\t\t\t\t<\/div>\n\t\t\n\t\t<h2 class=\"title\">\n\t\t\t<a href=\"https:\/\/xn--dren-in-n2a.de\/?p=4258\" class=\"post-title post-url\">\n\t\t\t\tFood Truck &#8211; mobilen Pizza wagen\t\t\t<\/a>\n\t\t<\/h2>\n\t\t<div class=\"post-meta\">\n\n\t\t\t<a href=\"https:\/\/xn--dren-in-n2a.de\/?author=1\"\n\t\t   title=\"Durchsuchen Autor Artikel\"\n\t\t   class=\"post-author-a\">\n\t\t\t<i class=\"post-author author\">\n\t\t\t\tD\u00fcren\t\t\t<\/i>\n\t\t<\/a>\n\t\t\t<span class=\"time\"><time class=\"post-published updated\" datetime=\"2019-09-07T01:24:36+02:00\" title=\"Samstag, September 7, 2019, 1:24 a.m.\">Sep. 7, 2019<\/time><\/span>\n\t\t<\/div>\n\t\t\t<div class=\"post-summary\">\n\t\t\t\tMobile Pizzeria (Food Truck), der mobile Pizzab\u00e4cker f\u00fcr Firmenfeiern oder Geburtstagsfeiern mieten, Pizza Wagen,&hellip;\t\t\t<\/div>\n\t\t\t<\/article>\n\t\t<\/div>\n\t\t<div class=\"column-2\">\n\t\t\t\t\t<\/div>\n\t<\/div>\n\t\t<\/div>\n\t\t\t\t\t<\/div>\n\t\t\t\t\t\t<div class=\"pagination-animate  bs-listing\n\t\t\tbs-listing-listing-tall-2 bs-listing-single-tab\">\n\t\t\t\t\t\t<h3 class=\"section-heading main-term-4\">\n\n\t\t\t\t\n\t\t\t\t\t\t\t\t\t\t\t<a href=\"https:\/\/xn--dren-in-n2a.de\/?cat=4\" class=\"main-link\">\n\t\t\t\t\t\t\t<span\n\t\t\t\t\t\t\t\tclass=\"h-text main-term-4\">Vogue<\/span>\n\t\t\t\t\t\t<\/a>\n\t\t\t\t\t\n\t\t\t\t\n\t\t\t<\/h3>\n\t\t\t\t\t\t<\/div>\n\t\t\t\t\t\t<div class=\"pagination-animate  bs-listing\n\t\t\tbs-listing-listing-blog-1 bs-listing-single-tab\">\n\t\t\t\t\t\t<h3 class=\"section-heading main-term-11\">\n\n\t\t\t\t\n\t\t\t\t\t\t\t\t\t\t\t<a href=\"https:\/\/xn--dren-in-n2a.de\/?cat=11\" class=\"main-link\">\n\t\t\t\t\t\t\t<span\n\t\t\t\t\t\t\t\tclass=\"h-text main-term-11\">NEU<\/span>\n\t\t\t\t\t\t<\/a>\n\t\t\t\t\t\n\t\t\t\t\n\t\t\t<\/h3>\n\t\t\t\t\t<div class=\"bs-pagination-wrapper main-term-11 more_btn bs-slider-first-item\">\n\t\t\t<div class=\"listing listing-blog listing-blog-5 clearfix \">\n\t\t<article class=\"post-3778 type-post format-standard has-post-thumbnail  clearfix listing-item listing-item-blog  listing-item-blog-5 main-term-11\">\n\n\t\t\t\t\t<div class=\"featured clearfix\">\n\t\t\t\t<div class=\"term-badges floated\"><span class=\"term-badge term-11\"><a href=\"https:\/\/xn--dren-in-n2a.de\/?cat=11\">NEU<\/a><\/span><\/div>\t\t\t\t<a class=\"img-holder\" href=\"https:\/\/xn--dren-in-n2a.de\/?p=3778\" title=\"ladestation f\u00fcr e-auto\"\n\t\t\t\t   style=\"background-image: url(https:\/\/xn--dren-in-n2a.de\/wp-content\/uploads\/2016\/12\/ladestation_E-Auto_dueren-357x210.jpg);\"><\/a>\n\t\t\t\t\t\t\t<\/div>\n\t\t\n\t\t<h2 class=\"title\">\n\t\t\t<a href=\"https:\/\/xn--dren-in-n2a.de\/?p=3778\" class=\"post-title post-url\">\n\t\t\t\tladestation f\u00fcr e-auto\t\t\t<\/a>\n\t\t<\/h2>\n\n\t\t<div class=\"post-meta\">\n\n\t\t\t<a href=\"https:\/\/xn--dren-in-n2a.de\/?author=1\"\n\t\t   title=\"Durchsuchen Autor Artikel\"\n\t\t   class=\"post-author-a\">\n\t\t\t<i class=\"post-author author\">\n\t\t\t\tD\u00fcren\t\t\t<\/i>\n\t\t<\/a>\n\t\t\t<span class=\"time\"><time class=\"post-published updated\" datetime=\"2017-09-20T13:50:43+02:00\" title=\"Mittwoch, September 20, 2017, 1:50 p.m.\">Sep. 20, 2017<\/time><\/span>\n\t\t<\/div>\n\t\t\t<div class=\"post-summary\">\n\t\t\t\tLadestation\u00a0f\u00fcr\u00a0E-Auto (Elektroauto), in D\u00fcren. Wilhelmstra\u00dfe 13, 52349\u00a0D\u00fcren. Laden Typ : Type 2 AC 11kW Betreiber : Stadtwerke\u00a0D\u00fcren Ladestation ist in Betrieb. Geeignet f\u00fcr: E-Autos E-Motorr\u00e4der Bezahlung:SMS Payment&hellip;\t\t\t\t\t<br><a class=\"read-more\"\n\t\t\t\t\t       href=\"https:\/\/xn--dren-in-n2a.de\/?p=3778\">Weiterlesen...<\/a>\n\t\t\t\t\t\t\t<\/div>\n\t\t\t\t<\/article>\n\t<\/div>\n\t\t\t<\/div>\n\t\t\t\t\t<\/div>\n\t\t\t[\/vc_column][vc_column width=&#8220;1\/3&#8243; el_class=&#8220;sticky-column&#8220;]\t\t<div\n\t\t\tclass=\"better-studio-shortcode bsc-clearfix better-social-counter style-big-button colored in-1-col vc_custom_1469868405678\">\n\t\t\t\t\t<h3 class=\"section-heading\">\n\t\t\t\t\t\t\t<span class=\"h-text\">Stay With Us<\/span>\n\t\t\t\t\t\t<\/h3>\n\t\t\t\t\t<ul class=\"social-list bsc-clearfix\"><li class=\"social-item facebook\"><a href=\"http:\/\/www.facebook.com\/D\u00fcren\" class=\"item-link\" target=\"_blank\"><i class=\"item-icon bsfi-facebook\"><\/i><span class=\"item-name\">Facebook<\/span><span class=\"item-title-join\">Join us on Facebook<\/span><\/a><\/li><li class=\"social-item instagram\"><a href=\"http:\/\/instagram.com\/d\u00fcren\" class=\"item-link\" target=\"_blank\"><i class=\"item-icon bsfi-instagram\"><\/i><span class=\"item-name\">Instagram<\/span><span class=\"item-title-join\">Join us on Instagram<\/span><\/a><\/li><li class=\"social-item envato\"><a href=\"http:\/\/themeforest.net\/user\/Better-Studio?ref=Better-Studio\" class=\"item-link\" target=\"_blank\"><i class=\"item-icon bsfi-envato\"><\/i><span class=\"item-name\">ThemeForest<\/span><span class=\"item-title-join\">Join us on Envato<\/span><\/a><\/li><li class=\"social-item twitter\"><a href=\"http:\/\/twitter.com\/D\u00fcren\" class=\"item-link\" target=\"_blank\"><i class=\"item-icon bsfi-twitter\"><\/i><span class=\"item-name\">Twitter<\/span><span class=\"item-title-join\">Join us on Twitter<\/span><\/a><\/li>\t\t\t<\/ul>\n\t\t<\/div>\n\t\t<div class=\"betteradscontainer betterads-clearfix  betterads-align-center betterad-column-1\"><div id=\"betterad-42-169671123169de229a1feb3\" class=\"betterad-container betterad-type-image \" itemscope=\"\" itemtype=\"https:\/\/schema.org\/WPAdBlock\" data-adid=\"42\" data-type=\"image\"><a itemprop=\"url\" class=\"betterad-link\" href=\"http:\/\/themeforest.net\/item\/x\/15801051?ref=Better-Studio\" ><img decoding=\"async\" class=\"betterad-image\" src=\"https:\/\/xn--dren-in-n2a.de\/wp-content\/uploads\/2016\/11\/clean-magazine-ad-300.jpg\" alt=\"- Advertisement -\" \/><\/a><span class=\"betterad-caption\">- Advertisement -<\/span><\/div><\/div>\t<div class=\"bs-shortcode bs-popular-categories vc_custom_1469868392077\">\n\t\t\t\t<h3 class=\"section-heading\">\n\t\t\t\t\t\t\t<span class=\"h-text\">Beliebte Kategorien<\/span>\n\t\t\t\t\t\t<\/h3>\n\t\t\t\t\t<ul class=\"bs-popular-terms-list\">\n\t\t\t\t<li class=\"bs-popular-term-item term-item-14\">\n\t\t\t\t\t<a href=\"https:\/\/xn--dren-in-n2a.de\/?cat=14\">PKW<span class=\"term-count\">21<\/span><\/a>\n\t\t\t\t  <\/li><li class=\"bs-popular-term-item term-item-12\">\n\t\t\t\t\t<a href=\"https:\/\/xn--dren-in-n2a.de\/?cat=12\">Smartphones<span class=\"term-count\">11<\/span><\/a>\n\t\t\t\t  <\/li><li class=\"bs-popular-term-item term-item-22\">\n\t\t\t\t\t<a href=\"https:\/\/xn--dren-in-n2a.de\/?cat=22\">Region<span class=\"term-count\">4<\/span><\/a>\n\t\t\t\t  <\/li><li class=\"bs-popular-term-item term-item-10\">\n\t\t\t\t\t<a href=\"https:\/\/xn--dren-in-n2a.de\/?cat=10\">Technik<span class=\"term-count\">2<\/span><\/a>\n\t\t\t\t  <\/li><li class=\"bs-popular-term-item term-item-6\">\n\t\t\t\t\t<a href=\"https:\/\/xn--dren-in-n2a.de\/?cat=6\">Familie<span class=\"term-count\">2<\/span><\/a>\n\t\t\t\t  <\/li><li class=\"bs-popular-term-item term-item-5\">\n\t\t\t\t\t<a href=\"https:\/\/xn--dren-in-n2a.de\/?cat=5\">Lifestyle<span class=\"term-count\">2<\/span><\/a>\n\t\t\t\t  <\/li>\t\t\t<\/ul>\n\t\t\t\t<\/div><!-- .bs-popular-categories -->\n\t<div class=\"bs-shortcode bs-subscribe-newsletter bs-feedburner-newsletter vc_custom_1469868382210\">\n\t\t\t\t<h3 class=\"section-heading\">\n\t\t\t\t\t\t\t<span class=\"h-text\">Newsletter abonnieren<\/span>\n\t\t\t\t\t\t<\/h3>\n\t\t\t\t\t<div class=\"subscribe-image\">\n\t\t\t\t<img decoding=\"async\" src=\"https:\/\/xn--dren-in-n2a.de\/wp-content\/uploads\/2016\/11\/clean-magazine-email-illustration.png\" alt=\"Newsletter abonnieren\">\n\t\t\t<\/div>\n\t\t\n\t\t<div class=\"subscribe-message\">\n\t\t\t<p>Life&#x2019;s challenges force us to harden up. Relationships, work, children and family.<\/p>\n\t\t<\/div> \n\n\t\t<form method=\"post\" action=\"\/\/feedburner.google.com\/fb\/a\/mailverify\" class=\"bs-subscribe-feedburner clearfix\"\n\t\t      target=\"_blank\">\n\t\t\t<input type=\"hidden\" value=\"#\" name=\"uri\"\/>\n\t\t\t<input type=\"hidden\" name=\"loc\" value=\"de_DE\"\/>\n\t\t\t<input type=\"text\" id=\"feedburner-email\" name=\"email\" class=\"newsletter-email\"\n\t\t\t       placeholder=\"Geben sie ihre E-Mail Adresse ein ..\"\/>\n\t\t\t<button class=\"newsletter-subscribe\" name=\"submit\" type=\"submit\"><i\n\t\t\t\t\tclass=\"fa fa-envelope\"><\/i> Abonnieren<\/button>\n\n\t\t\t\t\t\t\t<p class=\"powered-by\">Powered by <img\n\t\t\t\t\t\tsrc=\"https:\/\/xn--dren-in-n2a.de\/wp-content\/themes\/publisher\/images\/other\/feedburner.png\"\n\t\t\t\t\t\tdata-bsrjs=\"https:\/\/xn--dren-in-n2a.de\/wp-content\/themes\/publisher\/images\/other\/feedburner@2x.png\"\n\t\t\t\t\t\talt=\"MailChimp\"\/><\/p>\n\t\t\t\t\t<\/form>\n\n\t<\/div>\n[\/vc_column][\/vc_row][vc_row full_width=&#8220;stretch_row&#8220; css=&#8220;.vc_custom_1468342850878{background-color: #0762a2 !important;}&#8220;][vc_column]<div class=\"betteradscontainer betterads-clearfix  betterads-align-center betterad-column-1\"><div id=\"betterad-43-80260404469de229a206d0\" class=\"betterad-container betterad-type-image \" itemscope=\"\" itemtype=\"https:\/\/schema.org\/WPAdBlock\" data-adid=\"43\" data-type=\"image\"><a itemprop=\"url\" class=\"betterad-link\" href=\"http:\/\/themeforest.net\/item\/x\/15801051?ref=Better-Studio\" ><img decoding=\"async\" class=\"betterad-image\" src=\"https:\/\/xn--dren-in-n2a.de\/wp-content\/uploads\/2016\/11\/clean-magazine-ad-728.jpg\" alt=\"- Advertisement -\" \/><\/a><\/div><\/div>[\/vc_column][\/vc_row]<\/p>\n","protected":false},"excerpt":{"rendered":"<p>[vc_row full_width=&#8220;stretch_row&#8220; css=&#8220;.vc_custom_1469867924543{border-bottom-width: 1px !important;border-bottom-color: #ececec !important;border-bottom-style: solid !important;}&#8220;][vc_column][\/vc_column][\/vc_row][vc_row][vc_column width=&#8220;2\/3&#8243;][\/vc_column][vc_column width=&#8220;1\/3&#8243; el_class=&#8220;sticky-column&#8220;][\/vc_column][\/vc_row][vc_row full_width=&#8220;stretch_row&#8220; css=&#8220;.vc_custom_1468342850878{background-color: #0762a2 !important;}&#8220;][vc_column][\/vc_column][\/vc_row]<\/p>\n","protected":false},"author":1,"featured_media":0,"parent":0,"menu_order":0,"comment_status":"closed","ping_status":"closed","template":"","meta":{"footnotes":""},"class_list":["post-98","page","type-page","status-publish","hentry"],"aioseo_notices":[],"_links":{"self":[{"href":"https:\/\/xn--dren-in-n2a.de\/index.php?rest_route=\/wp\/v2\/pages\/98","targetHints":{"allow":["GET"]}}],"collection":[{"href":"https:\/\/xn--dren-in-n2a.de\/index.php?rest_route=\/wp\/v2\/pages"}],"about":[{"href":"https:\/\/xn--dren-in-n2a.de\/index.php?rest_route=\/wp\/v2\/types\/page"}],"author":[{"embeddable":true,"href":"https:\/\/xn--dren-in-n2a.de\/index.php?rest_route=\/wp\/v2\/users\/1"}],"replies":[{"embeddable":true,"href":"https:\/\/xn--dren-in-n2a.de\/index.php?rest_route=%2Fwp%2Fv2%2Fcomments&post=98"}],"version-history":[{"count":0,"href":"https:\/\/xn--dren-in-n2a.de\/index.php?rest_route=\/wp\/v2\/pages\/98\/revisions"}],"wp:attachment":[{"href":"https:\/\/xn--dren-in-n2a.de\/index.php?rest_route=%2Fwp%2Fv2%2Fmedia&parent=98"}],"curies":[{"name":"wp","href":"https:\/\/api.w.org\/{rel}","templated":true}]}}